{"id":137,"date":"2024-08-12T16:52:33","date_gmt":"2024-08-12T13:52:33","guid":{"rendered":"https:\/\/asianajotoimistojuka.fi\/?page_id=137"},"modified":"2024-08-14T21:40:04","modified_gmt":"2024-08-14T18:40:04","slug":"toimintatapa","status":"publish","type":"page","link":"https:\/\/asianajotoimistojuka.fi\/index.php\/toimintatapa\/","title":{"rendered":"Toimintatapa"},"content":{"rendered":"\t\t<div data-elementor-type=\"wp-page\" data-elementor-id=\"137\" class=\"elementor elementor-137\">\n\t\t\t\t<div class=\"elementor-element elementor-element-ed7153a e-flex e-con-boxed e-con e-parent\" data-id=\"ed7153a\" data-element_type=\"container\" data-e-type=\"container\">\n\t\t\t\t\t<div class=\"e-con-inner\">\n\t\t\t\t<div class=\"elementor-element elementor-element-91e7c5b elementor-widget__width-inherit elementor-widget elementor-widget-text-editor\" data-id=\"91e7c5b\" data-element_type=\"widget\" data-e-type=\"widget\" data-widget_type=\"text-editor.default\">\n\t\t\t\t<div class=\"elementor-widget-container\">\n\t\t\t\t\t\t\t\t\t<p><strong>Toimintatapa<\/strong><\/p><p>Kuuntelen sinua tarkalla korvalla. Vastaukseni annan mahdollisimman selv\u00e4ll\u00e4 suomen (tai englannin) kielell\u00e4, en lakikielell\u00e4. Tavoitteeni on tehd\u00e4 lakiasiasi hoitamisesta sinulle mahdollisimman helppoa ja ymm\u00e4rrett\u00e4v\u00e4\u00e4.<\/p><p>Huolehdin parhaani mukaan oikeuksiesi toteutumisesta. Arvioin tilannettasi kokonaisvaltaisesti ja autan l\u00f6yt\u00e4m\u00e4\u00e4n asiaasi ratkaisun, jonka kanssa voit hyvill\u00e4 mielin jatkaa eteenp\u00e4in.<\/p><p>Pyrin aina ensisijaisesti sovinnolliseen ratkaisuun riidan osapuolten v\u00e4lill\u00e4. T\u00e4st\u00e4 syyst\u00e4 l\u00e4hestyn my\u00f6s mahdollista vastapuoltasi aina kunnioittavaan s\u00e4vyyn. Tavoitteeni on lis\u00e4t\u00e4 ymm\u00e4rryst\u00e4 henkil\u00f6iden v\u00e4lill\u00e4 ja usein se auttaa p\u00e4\u00e4sem\u00e4\u00e4n toivottuun lopputulokseen. Aina sopiminen ei yrityksist\u00e4 huolimatta ole mahdollista, ja silloin olen valmis pit\u00e4m\u00e4\u00e4n puoliasi kaikissa oikeusasteissa.<\/p><p>Annan rehellisen n\u00e4kemykseni siit\u00e4, mitk\u00e4 ovat asiasi realistiset ratkaisuvaihtoehdot. Kerron, miten asiaasi todenn\u00e4k\u00f6isesti tuomioistuimessa arvioitaisiin ja kerron my\u00f6s mik\u00e4li lopputulosta on mahdotonta etuk\u00e4teen arvioida. Sanon suoraan my\u00f6s, jos etusi mukaista ei ole k\u00e4ytt\u00e4\u00e4 asianajajan palvelua ja t\u00e4ll\u00f6in mietin kanssasi, milt\u00e4 taholta saisit tilanteeseesi sopivampaa apua.<\/p><p>Kehit\u00e4n ammattitaitoani jatkuvalla t\u00e4ydennyskoulutuksella.<\/p><p>Olen sitoutunut toimimaan Suomen Asianajajaliiton eettisten ohjeiden mukaisesti ja noudatan kaikessa toiminnassani hyv\u00e4\u00e4 asianajajatapaa.<\/p>\t\t\t\t\t\t\t\t<\/div>\n\t\t\t\t<\/div>\n\t\t\t\t\t<\/div>\n\t\t\t\t<\/div>\n\t\t\t\t<\/div>\n\t\t","protected":false},"excerpt":{"rendered":"<p>Toimintatapa Kuuntelen sinua tarkalla korvalla. Vastaukseni annan mahdollisimman selv\u00e4ll\u00e4 suomen (tai englannin) kielell\u00e4, en lakikielell\u00e4. Tavoitteeni on tehd\u00e4 lakiasiasi hoitamisesta sinulle mahdollisimman helppoa ja ymm\u00e4rrett\u00e4v\u00e4\u00e4. Huolehdin parhaani mukaan oikeuksiesi toteutumisesta. Arvioin tilannettasi kokonaisvaltaisesti ja autan l\u00f6yt\u00e4m\u00e4\u00e4n asiaasi ratkaisun, jonka kanssa voit hyvill\u00e4 mielin jatkaa eteenp\u00e4in. Pyrin aina ensisijaisesti sovinnolliseen ratkaisuun riidan osapuolten v\u00e4lill\u00e4. T\u00e4st\u00e4 syyst\u00e4 [&hellip;]<\/p>\n","protected":false},"author":2,"featured_media":0,"parent":0,"menu_order":0,"comment_status":"closed","ping_status":"closed","template":"","meta":{"footnotes":""},"class_list":["post-137","page","type-page","status-publish"],"_links":{"self":[{"href":"https:\/\/asianajotoimistojuka.fi\/index.php\/wp-json\/wp\/v2\/pages\/137","targetHints":{"allow":["GET"]}}],"collection":[{"href":"https:\/\/asianajotoimistojuka.fi\/index.php\/wp-json\/wp\/v2\/pages"}],"about":[{"href":"https:\/\/asianajotoimistojuka.fi\/index.php\/wp-json\/wp\/v2\/types\/page"}],"author":[{"embeddable":true,"href":"https:\/\/asianajotoimistojuka.fi\/index.php\/wp-json\/wp\/v2\/users\/2"}],"replies":[{"embeddable":true,"href":"https:\/\/asianajotoimistojuka.fi\/index.php\/wp-json\/wp\/v2\/comments?post=137"}],"version-history":[{"count":10,"href":"https:\/\/asianajotoimistojuka.fi\/index.php\/wp-json\/wp\/v2\/pages\/137\/revisions"}],"predecessor-version":[{"id":219,"href":"https:\/\/asianajotoimistojuka.fi\/index.php\/wp-json\/wp\/v2\/pages\/137\/revisions\/219"}],"wp:attachment":[{"href":"https:\/\/asianajotoimistojuka.fi\/index.php\/wp-json\/wp\/v2\/media?parent=137"}],"curies":[{"name":"wp","href":"https:\/\/api.w.org\/{rel}","templated":true}]}}