{"id":148,"date":"2024-08-12T16:57:29","date_gmt":"2024-08-12T13:57:29","guid":{"rendered":"https:\/\/asianajotoimistojuka.fi\/?page_id=148"},"modified":"2024-08-14T21:45:28","modified_gmt":"2024-08-14T18:45:28","slug":"palvelut","status":"publish","type":"page","link":"https:\/\/asianajotoimistojuka.fi\/index.php\/palvelut\/","title":{"rendered":"Palvelut"},"content":{"rendered":"\t\t<div data-elementor-type=\"wp-page\" data-elementor-id=\"148\" class=\"elementor elementor-148\">\n\t\t\t\t<div class=\"elementor-element elementor-element-a59d7c8 e-flex e-con-boxed e-con e-parent\" data-id=\"a59d7c8\" data-element_type=\"container\" data-e-type=\"container\">\n\t\t\t\t\t<div class=\"e-con-inner\">\n\t\t\t\t<div class=\"elementor-element elementor-element-218bf57 elementor-widget elementor-widget-text-editor\" data-id=\"218bf57\" data-element_type=\"widget\" data-e-type=\"widget\" data-widget_type=\"text-editor.default\">\n\t\t\t\t<div class=\"elementor-widget-container\">\n\t\t\t\t\t\t\t\t\t<p><strong>Palvelut<\/strong><\/p><p>Hoidan monipuolisesti erilaisia yksityishenkil\u00f6iden lakiasioita, esimerkiksi:<\/p><p>Rikosasiat asianomistajan avustajana<\/p><p>Riita-asiat, esim. vahingonkorvaus-, sopimus-, velkomusasiat<\/p><p>Lapsen huoltoon, asumiseen, tapaamiseen ja elatukseen liittyv\u00e4t asiat<\/p><p>Perhe- ja perint\u00f6oikeudelliset asiat, esim.:<\/p><ul><li>testamentti<\/li><li>edunvalvontavaltakirja<\/li><li>avioehtosopimus<\/li><li>perukirja<\/li><li>ositussopimus<\/li><li>perinn\u00f6njakosopimus<\/li><li>k\u00e4r\u00e4j\u00e4oikeuden m\u00e4\u00e4r\u00e4\u00e4m\u00e4n\u00e4 pes\u00e4nselvitt\u00e4j\u00e4n\u00e4 ja -jakajana toimiminen<\/li><\/ul><p>Muiden asiakirjojen, esim. sopimusten ja kauppakirjojen laadinta<\/p><p>Erilaiset hakemusasiat<\/p><p>Hallinto-oikeudelliset asiat<\/p>\t\t\t\t\t\t\t\t<\/div>\n\t\t\t\t<\/div>\n\t\t\t\t\t<\/div>\n\t\t\t\t<\/div>\n\t\t\t\t<\/div>\n\t\t","protected":false},"excerpt":{"rendered":"<p>Palvelut Hoidan monipuolisesti erilaisia yksityishenkil\u00f6iden lakiasioita, esimerkiksi: Rikosasiat asianomistajan avustajana Riita-asiat, esim. vahingonkorvaus-, sopimus-, velkomusasiat Lapsen huoltoon, asumiseen, tapaamiseen ja elatukseen liittyv\u00e4t asiat Perhe- ja perint\u00f6oikeudelliset asiat, esim.: testamentti edunvalvontavaltakirja avioehtosopimus perukirja ositussopimus perinn\u00f6njakosopimus k\u00e4r\u00e4j\u00e4oikeuden m\u00e4\u00e4r\u00e4\u00e4m\u00e4n\u00e4 pes\u00e4nselvitt\u00e4j\u00e4n\u00e4 ja -jakajana toimiminen Muiden asiakirjojen, esim. sopimusten ja kauppakirjojen laadinta Erilaiset hakemusasiat Hallinto-oikeudelliset asiat<\/p>\n","protected":false},"author":2,"featured_media":0,"parent":0,"menu_order":0,"comment_status":"closed","ping_status":"closed","template":"","meta":{"footnotes":""},"class_list":["post-148","page","type-page","status-publish"],"_links":{"self":[{"href":"https:\/\/asianajotoimistojuka.fi\/index.php\/wp-json\/wp\/v2\/pages\/148","targetHints":{"allow":["GET"]}}],"collection":[{"href":"https:\/\/asianajotoimistojuka.fi\/index.php\/wp-json\/wp\/v2\/pages"}],"about":[{"href":"https:\/\/asianajotoimistojuka.fi\/index.php\/wp-json\/wp\/v2\/types\/page"}],"author":[{"embeddable":true,"href":"https:\/\/asianajotoimistojuka.fi\/index.php\/wp-json\/wp\/v2\/users\/2"}],"replies":[{"embeddable":true,"href":"https:\/\/asianajotoimistojuka.fi\/index.php\/wp-json\/wp\/v2\/comments?post=148"}],"version-history":[{"count":13,"href":"https:\/\/asianajotoimistojuka.fi\/index.php\/wp-json\/wp\/v2\/pages\/148\/revisions"}],"predecessor-version":[{"id":232,"href":"https:\/\/asianajotoimistojuka.fi\/index.php\/wp-json\/wp\/v2\/pages\/148\/revisions\/232"}],"wp:attachment":[{"href":"https:\/\/asianajotoimistojuka.fi\/index.php\/wp-json\/wp\/v2\/media?parent=148"}],"curies":[{"name":"wp","href":"https:\/\/api.w.org\/{rel}","templated":true}]}}