{"id":54,"date":"2024-08-11T19:15:24","date_gmt":"2024-08-11T16:15:24","guid":{"rendered":"https:\/\/asianajotoimistojuka.fi\/?page_id=54"},"modified":"2024-08-22T15:52:29","modified_gmt":"2024-08-22T12:52:29","slug":"viivi","status":"publish","type":"page","link":"https:\/\/asianajotoimistojuka.fi\/index.php\/viivi\/","title":{"rendered":"Viivi"},"content":{"rendered":"\t\t<div data-elementor-type=\"wp-page\" data-elementor-id=\"54\" class=\"elementor elementor-54\">\n\t\t\t\t<div class=\"elementor-element elementor-element-617d0945 e-con-full e-flex e-con e-parent\" data-id=\"617d0945\" data-element_type=\"container\" data-e-type=\"container\" data-settings=\"{&quot;background_background&quot;:&quot;classic&quot;}\">\n\t\t<div class=\"elementor-element elementor-element-2cd96009 e-con-full e-flex e-con e-child\" data-id=\"2cd96009\" data-element_type=\"container\" data-e-type=\"container\">\n\t\t\t\t<div class=\"elementor-element elementor-element-73e48eb3 elementor-widget elementor-widget-text-editor\" data-id=\"73e48eb3\" data-element_type=\"widget\" data-e-type=\"widget\" data-widget_type=\"text-editor.default\">\n\t\t\t\t<div class=\"elementor-widget-container\">\n\t\t\t\t\t\t\t\t\t<p><strong>Koulutus<\/strong><\/p><p>Asianajajatutkinto, Suomen Asianajajaliitto, 2019<\/p><p>Oikeustieteen maisteri, It\u00e4-Suomen yliopisto, 2019<\/p><p>Oikeusnotaari, It\u00e4-Suomen yliopisto, 2016<\/p><p>Hallintotieteen kandidaatti, It\u00e4-Suomen yliopisto, 2014<\/p><p>Ylioppilas, Kuopion Yhteiskoulun Musiikkilukio, 2010<\/p><p><strong>Ty\u00f6kokemus<\/strong><\/p><p>Asianajotoimisto Juka Oy, 2024-<\/p><p>Pohjois-Karjalan oikeusaputoimisto, 2022-2024<\/p><p>Asianajotoimisto Surakka Oy, 2018-2022<\/p><p><strong>Muuta<\/strong><\/p><p>Suomalaisen Lakimiesyhdistyksen Joensuun osasto ry:n sihteeri, 2020-<\/p><p>Rikosuhrip\u00e4ivystyksen vapaaehtoinen tukihenkil\u00f6n\u00e4, auttavan puhelimen p\u00e4ivyst\u00e4j\u00e4n\u00e4 ja chat-p\u00e4ivyst\u00e4j\u00e4n\u00e4 2016-2020, ja juristin auttavan puhelimen p\u00e4ivyst\u00e4j\u00e4n\u00e4 2024-<\/p>\t\t\t\t\t\t\t\t<\/div>\n\t\t\t\t<\/div>\n\t\t\t\t<div class=\"elementor-element elementor-element-86c3bd5 elementor-widget elementor-widget-heading\" data-id=\"86c3bd5\" data-element_type=\"widget\" data-e-type=\"widget\" data-widget_type=\"heading.default\">\n\t\t\t\t<div class=\"elementor-widget-container\">\n\t\t\t\t\t<h1 class=\"elementor-heading-title elementor-size-default\">Viivi Juka-Lipo, asianajaja<\/h1>\t\t\t\t<\/div>\n\t\t\t\t<\/div>\n\t\t\t\t<\/div>\n\t\t<div class=\"elementor-element elementor-element-7851cea5 e-con-full e-flex e-con e-child\" data-id=\"7851cea5\" data-element_type=\"container\" data-e-type=\"container\">\n\t\t\t\t<div class=\"elementor-element elementor-element-29b7a310 elementor-widget elementor-widget-image\" data-id=\"29b7a310\" data-element_type=\"widget\" data-e-type=\"widget\" data-widget_type=\"image.default\">\n\t\t\t\t<div class=\"elementor-widget-container\">\n\t\t\t\t\t\t\t\t\t\t\t\t\t\t\t<img fetchpriority=\"high\" decoding=\"async\" width=\"952\" height=\"1024\" src=\"https:\/\/asianajotoimistojuka.fi\/wp-content\/uploads\/2024\/08\/rajattu-penkki-952x1024.jpg\" class=\"attachment-large size-large wp-image-237\" alt=\"\" srcset=\"https:\/\/asianajotoimistojuka.fi\/wp-content\/uploads\/2024\/08\/rajattu-penkki-952x1024.jpg 952w, https:\/\/asianajotoimistojuka.fi\/wp-content\/uploads\/2024\/08\/rajattu-penkki-279x300.jpg 279w, https:\/\/asianajotoimistojuka.fi\/wp-content\/uploads\/2024\/08\/rajattu-penkki-768x826.jpg 768w, https:\/\/asianajotoimistojuka.fi\/wp-content\/uploads\/2024\/08\/rajattu-penkki-1428x1536.jpg 1428w, https:\/\/asianajotoimistojuka.fi\/wp-content\/uploads\/2024\/08\/rajattu-penkki.jpg 1606w\" sizes=\"(max-width: 952px) 100vw, 952px\" \/>\t\t\t\t\t\t\t\t\t\t\t\t\t\t\t<\/div>\n\t\t\t\t<\/div>\n\t\t\t\t<\/div>\n\t\t\t\t<\/div>\n\t\t\t\t<\/div>\n\t\t","protected":false},"excerpt":{"rendered":"<p>Koulutus Asianajajatutkinto, Suomen Asianajajaliitto, 2019 Oikeustieteen maisteri, It\u00e4-Suomen yliopisto, 2019 Oikeusnotaari, It\u00e4-Suomen yliopisto, 2016 Hallintotieteen kandidaatti, It\u00e4-Suomen yliopisto, 2014 Ylioppilas, Kuopion Yhteiskoulun Musiikkilukio, 2010 Ty\u00f6kokemus Asianajotoimisto Juka Oy, 2024- Pohjois-Karjalan oikeusaputoimisto, 2022-2024 Asianajotoimisto Surakka Oy, 2018-2022 Muuta Suomalaisen Lakimiesyhdistyksen Joensuun osasto ry:n sihteeri, 2020- Rikosuhrip\u00e4ivystyksen vapaaehtoinen tukihenkil\u00f6n\u00e4, auttavan puhelimen p\u00e4ivyst\u00e4j\u00e4n\u00e4 ja chat-p\u00e4ivyst\u00e4j\u00e4n\u00e4 2016-2020, ja juristin [&hellip;]<\/p>\n","protected":false},"author":2,"featured_media":0,"parent":0,"menu_order":0,"comment_status":"closed","ping_status":"closed","template":"","meta":{"footnotes":""},"class_list":["post-54","page","type-page","status-publish"],"_links":{"self":[{"href":"https:\/\/asianajotoimistojuka.fi\/index.php\/wp-json\/wp\/v2\/pages\/54","targetHints":{"allow":["GET"]}}],"collection":[{"href":"https:\/\/asianajotoimistojuka.fi\/index.php\/wp-json\/wp\/v2\/pages"}],"about":[{"href":"https:\/\/asianajotoimistojuka.fi\/index.php\/wp-json\/wp\/v2\/types\/page"}],"author":[{"embeddable":true,"href":"https:\/\/asianajotoimistojuka.fi\/index.php\/wp-json\/wp\/v2\/users\/2"}],"replies":[{"embeddable":true,"href":"https:\/\/asianajotoimistojuka.fi\/index.php\/wp-json\/wp\/v2\/comments?post=54"}],"version-history":[{"count":25,"href":"https:\/\/asianajotoimistojuka.fi\/index.php\/wp-json\/wp\/v2\/pages\/54\/revisions"}],"predecessor-version":[{"id":258,"href":"https:\/\/asianajotoimistojuka.fi\/index.php\/wp-json\/wp\/v2\/pages\/54\/revisions\/258"}],"wp:attachment":[{"href":"https:\/\/asianajotoimistojuka.fi\/index.php\/wp-json\/wp\/v2\/media?parent=54"}],"curies":[{"name":"wp","href":"https:\/\/api.w.org\/{rel}","templated":true}]}}